{"id":8,"date":"2025-02-18T16:51:20","date_gmt":"2025-02-18T15:51:20","guid":{"rendered":"https:\/\/gs-rastenberg.de\/?page_id=8"},"modified":"2025-02-24T10:28:13","modified_gmt":"2025-02-24T09:28:13","slug":"home","status":"publish","type":"page","link":"https:\/\/gs-rastenberg.de\/?page_id=8","title":{"rendered":"Home"},"content":{"rendered":"\n<p>Leitbild<\/p>\n\n\n\n<p>&#8222;Gemeinsam lernen, spielen und leben&#8220;<br><\/p>\n\n\n\n<p>Wir &#8211; Sch\u00fcler, Eltern, Lehrer und Erzieher &#8211; verstehen uns als Team.<br>Wir unterst\u00fctzen jeden Sch\u00fcler eigenst\u00e4ndig zu lernen.<br>Wir fordern und f\u00f6rdern alle Kinder individuell nach ihren M\u00f6glichkeiten.<br>Wir gestalten ein Klima des Wohlf\u00fchlens.<br>Wir halten unseren K\u00f6rper gesund und fit.<br>Wir achten auf umweltbewusstes und nachhaltiges Handeln.<br>Wir wollen tolerant, r\u00fccksichtsvoll und offen miteinander umgehen.<br>Wir legen Wert auf eine gute Zusammenarbeit mit den Kindertagesst\u00e4tten sowie allen Partnern und Freunden der Schule.<\/p>\n\n\n\n<p><\/p>\n","protected":false},"excerpt":{"rendered":"<p>Leitbild &#8222;Gemeinsam lernen, spielen und leben&#8220; Wir &#8211; Sch\u00fcler, Eltern, Lehrer und Erzieher &#8211; verstehen uns als Team.Wir unterst\u00fctzen jeden Sch\u00fcler eigenst\u00e4ndig zu lernen.Wir fordern [&hellip;]<\/p>\n","protected":false},"author":1,"featured_media":0,"parent":0,"menu_order":0,"comment_status":"closed","ping_status":"closed","template":"","meta":{"footnotes":""},"class_list":["post-8","page","type-page","status-publish","hentry"],"_links":{"self":[{"href":"https:\/\/gs-rastenberg.de\/index.php?rest_route=\/wp\/v2\/pages\/8","targetHints":{"allow":["GET"]}}],"collection":[{"href":"https:\/\/gs-rastenberg.de\/index.php?rest_route=\/wp\/v2\/pages"}],"about":[{"href":"https:\/\/gs-rastenberg.de\/index.php?rest_route=\/wp\/v2\/types\/page"}],"author":[{"embeddable":true,"href":"https:\/\/gs-rastenberg.de\/index.php?rest_route=\/wp\/v2\/users\/1"}],"replies":[{"embeddable":true,"href":"https:\/\/gs-rastenberg.de\/index.php?rest_route=%2Fwp%2Fv2%2Fcomments&post=8"}],"version-history":[{"count":3,"href":"https:\/\/gs-rastenberg.de\/index.php?rest_route=\/wp\/v2\/pages\/8\/revisions"}],"predecessor-version":[{"id":70,"href":"https:\/\/gs-rastenberg.de\/index.php?rest_route=\/wp\/v2\/pages\/8\/revisions\/70"}],"wp:attachment":[{"href":"https:\/\/gs-rastenberg.de\/index.php?rest_route=%2Fwp%2Fv2%2Fmedia&parent=8"}],"curies":[{"name":"wp","href":"https:\/\/api.w.org\/{rel}","templated":true}]}}