{"id":51,"date":"2025-02-21T12:31:34","date_gmt":"2025-02-21T11:31:34","guid":{"rendered":"https:\/\/gs-rastenberg.de\/?page_id=51"},"modified":"2025-02-24T08:42:45","modified_gmt":"2025-02-24T07:42:45","slug":"schulanfaenger","status":"publish","type":"page","link":"https:\/\/gs-rastenberg.de\/?page_id=51","title":{"rendered":"Schulanf\u00e4nger"},"content":{"rendered":"\n<p>Der Schulanfang stellt f\u00fcr die Kinder, Eltern und die Schule etwas Besonderes dar. Die zuk\u00fcnftigen Erstkl\u00e4ssler sollen sich von Anfang an wohlf\u00fchlen und gerne zur Schule gehen.<\/p>\n\n\n\n<p>Damit es f\u00fcr alle Kinder positive Erfahrungen werden, wollen wir schon vor Schulbeginn mit den Kindern und den Eltern in Kontakt kommen.<\/p>\n\n\n\n<p><\/p>\n\n\n\n<figure class=\"wp-block-table\"><table class=\"has-fixed-layout\"><tbody><tr><td><strong>Zeit<\/strong><strong>&nbsp;<\/strong><\/td><td><strong>Ma\u00dfnahme<\/strong><\/td><td><strong>Verantwortung<\/strong><\/td><\/tr><tr><td>Mai 202414:00 \u2013 18:00 Uhr<\/td><td>Anmeldung an der Grundschule des Schulbezirks&nbsp;<\/td><td>Eltern<\/td><\/tr><tr><td>Mai 2024<\/td><td>Meldung der angemeldeten Kinder an das Schulamt und an das Gesundheitsamt zur Vorbereitung der schul\u00e4rztlichen Untersuchung&nbsp;<\/td><td>Schule<\/td><\/tr><tr><td>ab September 2024<\/td><td>Durchf\u00fchrung der schul\u00e4rztlichen Untersuchung&nbsp;<\/td><td>Gesundheitsamt<\/td><\/tr><tr><td>03.04.2025<\/td><td>Durchf\u00fchrung einer Schnupperstunde am Schulvormittag&nbsp;<\/td><td>Schule<\/td><\/tr><tr><td>April 2025<\/td><td>Versand der Aufnahmebescheide&nbsp;<\/td><td>Schule<\/td><\/tr><tr><td>29.04.2025<\/td><td>Durchf\u00fchrung einer Schnupperstunde am Schulnachmittag&nbsp;<\/td><td>Schule<\/td><\/tr><tr><td>Mai 2025<\/td><td>Entscheidung \u00fcber Zur\u00fcckstellung vom Schulbesuch&nbsp;<\/td><td>Schule<\/td><\/tr><tr><td>Juni 2025<\/td><td>Elternabend der Eltern der Schulanf\u00e4nger zu organisatorischen Fragen des Schulanfangs&nbsp;<\/td><td>Schule<\/td><\/tr><tr><td>09.08.2025<\/td><td>10:00 Uhr Einschulungsfeier&nbsp;<\/td><td>Schule\/Eltern<\/td><\/tr><tr><td>11.08.2025<\/td><td>1. Schultag f\u00fcr Ihr Kind&nbsp;<\/td><td>Schule\/Eltern<\/td><\/tr><\/tbody><\/table><\/figure>\n","protected":false},"excerpt":{"rendered":"<p>Der Schulanfang stellt f\u00fcr die Kinder, Eltern und die Schule etwas Besonderes dar. Die zuk\u00fcnftigen Erstkl\u00e4ssler sollen sich von Anfang an wohlf\u00fchlen und gerne zur [&hellip;]<\/p>\n","protected":false},"author":1,"featured_media":0,"parent":0,"menu_order":0,"comment_status":"closed","ping_status":"closed","template":"","meta":{"footnotes":""},"class_list":["post-51","page","type-page","status-publish","hentry"],"_links":{"self":[{"href":"https:\/\/gs-rastenberg.de\/index.php?rest_route=\/wp\/v2\/pages\/51","targetHints":{"allow":["GET"]}}],"collection":[{"href":"https:\/\/gs-rastenberg.de\/index.php?rest_route=\/wp\/v2\/pages"}],"about":[{"href":"https:\/\/gs-rastenberg.de\/index.php?rest_route=\/wp\/v2\/types\/page"}],"author":[{"embeddable":true,"href":"https:\/\/gs-rastenberg.de\/index.php?rest_route=\/wp\/v2\/users\/1"}],"replies":[{"embeddable":true,"href":"https:\/\/gs-rastenberg.de\/index.php?rest_route=%2Fwp%2Fv2%2Fcomments&post=51"}],"version-history":[{"count":2,"href":"https:\/\/gs-rastenberg.de\/index.php?rest_route=\/wp\/v2\/pages\/51\/revisions"}],"predecessor-version":[{"id":53,"href":"https:\/\/gs-rastenberg.de\/index.php?rest_route=\/wp\/v2\/pages\/51\/revisions\/53"}],"wp:attachment":[{"href":"https:\/\/gs-rastenberg.de\/index.php?rest_route=%2Fwp%2Fv2%2Fmedia&parent=51"}],"curies":[{"name":"wp","href":"https:\/\/api.w.org\/{rel}","templated":true}]}}