{"id":34,"date":"2025-02-20T18:52:45","date_gmt":"2025-02-20T17:52:45","guid":{"rendered":"https:\/\/gs-rastenberg.de\/?page_id=34"},"modified":"2025-02-24T08:42:13","modified_gmt":"2025-02-24T07:42:13","slug":"foerderverein","status":"publish","type":"page","link":"https:\/\/gs-rastenberg.de\/?page_id=34","title":{"rendered":"F\u00f6rderverein"},"content":{"rendered":"\n<p>Der im August 2008 gegr\u00fcndete F\u00f6rderverein hat es sich zur Aufgabe gemacht die Grundschule ideell und finanziell zu unterst\u00fctzen und zu f\u00f6rdern.&nbsp;<\/p>\n\n\n\n<div style=\"height:100px\" aria-hidden=\"true\" class=\"wp-block-spacer\"><\/div>\n\n\n\n<p><strong><u>Wozu ein F\u00f6rderverein?<\/u><\/strong><strong><u><\/u><\/strong><\/p>\n\n\n\n<p>Jede Schule erh\u00e4lt j\u00e4hrlich einen Etat, der sicherstellen soll, dass die Voraussetzungen f\u00fcr eine ordnungsgem\u00e4\u00dfe Durchf\u00fchrung von Unterricht grunds\u00e4tzlich garantiert sind. Eine Schule wie unsere kann sich aber nicht allein auf die Vermittlung von Wissen reduzieren. Sie ist auch ein zentraler Lebensraum f\u00fcr Sch\u00fcler, in dem sie einen erheblichen Teil ihrer Zeit verbringen. Schulen m\u00fcssen heute Aufgaben \u00fcbernehmen, die sie in dieser Form fr\u00fcher nicht hatten. Das kostet nat\u00fcrlich auch mehr. Eine Schule darf jedoch nur vom Staat Geld annehmen; sie darf selbst keine Spenden sammeln.&nbsp;<\/p>\n\n\n\n<p>Der F\u00f6rderverein kann offiziell Spenden sammeln, Sponsoren werben und auch Geld bei Veranstaltungen einnehmen. Dieses Geld darf nur f\u00fcr die Schule genutzt werden.&nbsp;<\/p>\n\n\n\n<p>Der F\u00f6rderverein unserer Schule ist ein eingetragener Verein und vom Finanzamt als gemeinn\u00fctzig anerkannt. Geld- und Sachspenden an den F\u00f6rderverein k\u00f6nnen also von der Steuer abgesetzt werden.&nbsp;<\/p>\n\n\n\n<div style=\"height:100px\" aria-hidden=\"true\" class=\"wp-block-spacer\"><\/div>\n\n\n\n<p><strong><u>Werden Sie Mitglied!<\/u><\/strong><\/p>\n\n\n\n<p>Als Mitglied haben Sie die M\u00f6glichkeit, das Schulleben Ihres Kindes aktiv mitzugestalten. Sie haben Stimmrecht in der Mitgliederversammlung und entscheiden \u00fcber die Wahl des Vorstands. Und Sie haben die M\u00f6glichkeit, selbst im Vorstand mitzuarbeiten oder jederzeit Anregungen an den Vorstand heranzutragen. Die Mitgliedschaft ist ab einem monatlichen Betrag von 1,00 \u20ac m\u00f6glich, das entspricht einem Jahresbeitrag von 12,00 \u20ac. Der Mitgliedsbeitrag wird mit dem Beitritt f\u00e4llig, dann im Januar jeden Jahres.<\/p>\n\n\n\n<div style=\"height:100px\" aria-hidden=\"true\" class=\"wp-block-spacer\"><\/div>\n\n\n\n<p><strong><u>Spenden Sie!<\/u><\/strong><strong><u><\/u><\/strong><\/p>\n\n\n\n<p>Sie m\u00f6chten die Schule unterst\u00fctzen, ohne Mitglied im F\u00f6rderverein zu werden. Dann spenden Sie f\u00fcr bestimmte Projekte oder f\u00fcr die gesamte Arbeit.<\/p>\n\n\n\n<p><\/p>\n\n\n\n<p><strong>Spendenkonto:<\/strong><\/p>\n\n\n\n<p>F\u00f6rderverein Grundschule Rastenberg e.V.<br>Sparkasse Mittelth\u00fcringen<\/p>\n\n\n\n<p>IBAN: DE68 8205 1000 0163 0064 40<\/p>\n","protected":false},"excerpt":{"rendered":"<p>Der im August 2008 gegr\u00fcndete F\u00f6rderverein hat es sich zur Aufgabe gemacht die Grundschule ideell und finanziell zu unterst\u00fctzen und zu f\u00f6rdern.&nbsp; Wozu ein F\u00f6rderverein? [&hellip;]<\/p>\n","protected":false},"author":1,"featured_media":0,"parent":0,"menu_order":0,"comment_status":"closed","ping_status":"closed","template":"","meta":{"footnotes":""},"class_list":["post-34","page","type-page","status-publish","hentry"],"_links":{"self":[{"href":"https:\/\/gs-rastenberg.de\/index.php?rest_route=\/wp\/v2\/pages\/34","targetHints":{"allow":["GET"]}}],"collection":[{"href":"https:\/\/gs-rastenberg.de\/index.php?rest_route=\/wp\/v2\/pages"}],"about":[{"href":"https:\/\/gs-rastenberg.de\/index.php?rest_route=\/wp\/v2\/types\/page"}],"author":[{"embeddable":true,"href":"https:\/\/gs-rastenberg.de\/index.php?rest_route=\/wp\/v2\/users\/1"}],"replies":[{"embeddable":true,"href":"https:\/\/gs-rastenberg.de\/index.php?rest_route=%2Fwp%2Fv2%2Fcomments&post=34"}],"version-history":[{"count":4,"href":"https:\/\/gs-rastenberg.de\/index.php?rest_route=\/wp\/v2\/pages\/34\/revisions"}],"predecessor-version":[{"id":48,"href":"https:\/\/gs-rastenberg.de\/index.php?rest_route=\/wp\/v2\/pages\/34\/revisions\/48"}],"wp:attachment":[{"href":"https:\/\/gs-rastenberg.de\/index.php?rest_route=%2Fwp%2Fv2%2Fmedia&parent=34"}],"curies":[{"name":"wp","href":"https:\/\/api.w.org\/{rel}","templated":true}]}}