{"id":29,"date":"2025-02-20T18:50:45","date_gmt":"2025-02-20T17:50:45","guid":{"rendered":"https:\/\/gs-rastenberg.de\/?page_id=29"},"modified":"2025-02-24T10:28:44","modified_gmt":"2025-02-24T09:28:44","slug":"ueber-uns","status":"publish","type":"page","link":"https:\/\/gs-rastenberg.de\/?page_id=29","title":{"rendered":"\u00dcber Uns"},"content":{"rendered":"\n<p>An unserer Schule lernen 99 Kinder in 4 Klassen bei 6 engagierten Lehrerinnen und Lehrern.<\/p>\n\n\n\n<p>Unser Team wird verst\u00e4rkt durch eine Sekret\u00e4rin und einen Hausmeister. Unentbehrlich f\u00fcr unsere Kinder, Eltern und Lehrerinnen ist unsere Frau Fischer. Zu ihren Aufgaben z\u00e4hlen die Betreuung der Kinder mit Gutachten, die Pr\u00e4vention von Lernschwierigkeiten und vieles mehr.&nbsp;<\/p>\n\n\n\n<p><\/p>\n","protected":false},"excerpt":{"rendered":"<p>An unserer Schule lernen 99 Kinder in 4 Klassen bei 6 engagierten Lehrerinnen und Lehrern. Unser Team wird verst\u00e4rkt durch eine Sekret\u00e4rin und einen Hausmeister. [&hellip;]<\/p>\n","protected":false},"author":1,"featured_media":0,"parent":0,"menu_order":0,"comment_status":"closed","ping_status":"closed","template":"","meta":{"footnotes":""},"class_list":["post-29","page","type-page","status-publish","hentry"],"_links":{"self":[{"href":"https:\/\/gs-rastenberg.de\/index.php?rest_route=\/wp\/v2\/pages\/29","targetHints":{"allow":["GET"]}}],"collection":[{"href":"https:\/\/gs-rastenberg.de\/index.php?rest_route=\/wp\/v2\/pages"}],"about":[{"href":"https:\/\/gs-rastenberg.de\/index.php?rest_route=\/wp\/v2\/types\/page"}],"author":[{"embeddable":true,"href":"https:\/\/gs-rastenberg.de\/index.php?rest_route=\/wp\/v2\/users\/1"}],"replies":[{"embeddable":true,"href":"https:\/\/gs-rastenberg.de\/index.php?rest_route=%2Fwp%2Fv2%2Fcomments&post=29"}],"version-history":[{"count":3,"href":"https:\/\/gs-rastenberg.de\/index.php?rest_route=\/wp\/v2\/pages\/29\/revisions"}],"predecessor-version":[{"id":68,"href":"https:\/\/gs-rastenberg.de\/index.php?rest_route=\/wp\/v2\/pages\/29\/revisions\/68"}],"wp:attachment":[{"href":"https:\/\/gs-rastenberg.de\/index.php?rest_route=%2Fwp%2Fv2%2Fmedia&parent=29"}],"curies":[{"name":"wp","href":"https:\/\/api.w.org\/{rel}","templated":true}]}}