{"id":26,"date":"2025-02-20T18:50:02","date_gmt":"2025-02-20T17:50:02","guid":{"rendered":"https:\/\/gs-rastenberg.de\/?page_id=26"},"modified":"2025-02-24T08:42:32","modified_gmt":"2025-02-24T07:42:32","slug":"hort","status":"publish","type":"page","link":"https:\/\/gs-rastenberg.de\/?page_id=26","title":{"rendered":"Hort"},"content":{"rendered":"\n<p>An unserer Schule gibt es einen Hort. Dieser ist organisatorischer Bestandteil unserer Grundschule. Der Hort hat die Aufgabe, unsere Kinder au\u00dferschulisch zu betreuen und im kognitiven, manuellen, motorischen und sensorischen Bereich zu f\u00f6rdern. Die Grundlage hierf\u00fcr ist der Th\u00fcringer Bildungsplan f\u00fcr Kinder bis 10 Jahre. Wir arbeiten gruppen\u00fcbergreifend und praktizieren eine offene Hortarbeit.<\/p>\n\n\n\n<p><\/p>\n\n\n\n<p>Die Betreuung der Kinder nach Unterrichtsschluss gestaltet sich in<\/p>\n\n\n\n<ul class=\"wp-block-list\">\n<li>freies Spiel<\/li>\n\n\n\n<li>kreatives Gestalten<\/li>\n\n\n\n<li>Sport und Spiel<\/li>\n\n\n\n<li>Anfertigen der Hausaufgaben<\/li>\n<\/ul>\n\n\n\n<p><\/p>\n\n\n\n<p>Nachmittagsangebote w\u00e4hrend der Hortbetreuung:<\/p>\n\n\n\n<ul class=\"wp-block-list\">\n<li>Montags: Tischtennis<\/li>\n\n\n\n<li>in Planung: H\u00e4kelcrew<\/li>\n<\/ul>\n\n\n\n<p><\/p>\n\n\n\n<p>Auch Wanderungen, Exkursionen und weitere spannende Projekte finden statt.<\/p>\n\n\n\n<p><\/p>\n\n\n\n<p>Der Hort wird geleitet von Frau Leisner. Ihre Sprechzeiten sind t\u00e4glich nach Vereinbarung.<\/p>\n\n\n\n<p><\/p>\n\n\n\n<div style=\"height:100px\" aria-hidden=\"true\" class=\"wp-block-spacer\"><\/div>\n\n\n\n<p>\u00d6ffnungszeiten:<\/p>\n\n\n\n<p>t\u00e4glich von&nbsp;&nbsp;6.00 Uhr \u2013 17.00 Uhr<\/p>\n\n\n\n<p><\/p>\n\n\n\n<p>Schlie\u00dfzeiten Hort im Schuljahr 2024\/2025:<\/p>\n\n\n\n<p>07.04. \u2013 17.04.2025&nbsp;&nbsp;&nbsp;Osterferien<\/p>\n\n\n\n<p>30.05.2025&nbsp;&nbsp;&nbsp;&nbsp;&nbsp;&nbsp;&nbsp;&nbsp;&nbsp;&nbsp;&nbsp;&nbsp;&nbsp;&nbsp;&nbsp;&nbsp;&nbsp;Ferien<\/p>\n\n\n\n<p>21.07. \u2013 08.08.2025&nbsp;&nbsp;&nbsp;Sommerferien<\/p>\n\n\n\n<p><\/p>\n","protected":false},"excerpt":{"rendered":"<p>An unserer Schule gibt es einen Hort. Dieser ist organisatorischer Bestandteil unserer Grundschule. Der Hort hat die Aufgabe, unsere Kinder au\u00dferschulisch zu betreuen und im [&hellip;]<\/p>\n","protected":false},"author":1,"featured_media":0,"parent":0,"menu_order":0,"comment_status":"closed","ping_status":"closed","template":"","meta":{"footnotes":""},"class_list":["post-26","page","type-page","status-publish","hentry"],"_links":{"self":[{"href":"https:\/\/gs-rastenberg.de\/index.php?rest_route=\/wp\/v2\/pages\/26","targetHints":{"allow":["GET"]}}],"collection":[{"href":"https:\/\/gs-rastenberg.de\/index.php?rest_route=\/wp\/v2\/pages"}],"about":[{"href":"https:\/\/gs-rastenberg.de\/index.php?rest_route=\/wp\/v2\/types\/page"}],"author":[{"embeddable":true,"href":"https:\/\/gs-rastenberg.de\/index.php?rest_route=\/wp\/v2\/users\/1"}],"replies":[{"embeddable":true,"href":"https:\/\/gs-rastenberg.de\/index.php?rest_route=%2Fwp%2Fv2%2Fcomments&post=26"}],"version-history":[{"count":8,"href":"https:\/\/gs-rastenberg.de\/index.php?rest_route=\/wp\/v2\/pages\/26\/revisions"}],"predecessor-version":[{"id":45,"href":"https:\/\/gs-rastenberg.de\/index.php?rest_route=\/wp\/v2\/pages\/26\/revisions\/45"}],"wp:attachment":[{"href":"https:\/\/gs-rastenberg.de\/index.php?rest_route=%2Fwp%2Fv2%2Fmedia&parent=26"}],"curies":[{"name":"wp","href":"https:\/\/api.w.org\/{rel}","templated":true}]}}