{"id":20,"date":"2025-02-20T18:47:47","date_gmt":"2025-02-20T17:47:47","guid":{"rendered":"https:\/\/gs-rastenberg.de\/?page_id=20"},"modified":"2025-02-24T08:56:20","modified_gmt":"2025-02-24T07:56:20","slug":"schulgebaeude","status":"publish","type":"page","link":"https:\/\/gs-rastenberg.de\/?page_id=20","title":{"rendered":"Unser Schulgeb\u00e4ude"},"content":{"rendered":"\n<p>Am 01.September 1914 wurde nach einj\u00e4hriger Bauzeit die Schule in der Bahnhofstra\u00dfe, heutige Kirchallee, eingeweiht.<br>Das Geb\u00e4ude wurde im klassizistischen Baustil errichtet und kostete 136 000 Goldmark. Dazu geh\u00f6rte auch eine Turnhalle.<br>Das Eingangsportal wird rechts und links von zwei S\u00e4ulen geschm\u00fcckt. Die gro\u00dfen Fenster geben den Klassenzimmern viel Licht. Gro\u00dfz\u00fcgige Flure und Treppenaufg\u00e4nge zeichnen das Innere aus. Das Geb\u00e4ude steht unter Denkmalschutz.\u00a0<\/p>\n\n\n\n<div style=\"height:100px\" aria-hidden=\"true\" class=\"wp-block-spacer\"><\/div>\n\n\n\n<p>Schulhof \/ Weitere Geb\u00e4ude<\/p>\n\n\n\n<p>An den Schulhof grenzen ein Flachbau, der als Hortgeb\u00e4ude genutzt wird sowie ein Erg\u00e4nzungsbau, in dem die Experimentierr\u00e4ume untergebracht sind. Das &#8222;Gr\u00fcne Klassenzimmer&#8220; sowie eine Holzorgel befinden sich am Rand des Schulhofes. In unmittelbarer N\u00e4he zum Schulhof befindet sich der Schulgarten mit kleiner Streuobstwiese, zahlreichen Beeten, einem Gew\u00e4chshaus und dem Insektenhotel.<br>Schaukeln, eine Kletterwand, ein Trampolin, eine Tischtennisplatte, ein gro\u00dfer Sandkasten und eine Spielwiese befinden sich auf dem Gel\u00e4nde des Schulhofes und stehen f\u00fcr die Pausengestaltung sowie den Freizeitbereich zur Verf\u00fcgung.&nbsp;<\/p>\n\n\n\n<div style=\"height:100px\" aria-hidden=\"true\" class=\"wp-block-spacer\"><\/div>\n\n\n\n<p>Sportst\u00e4tten<\/p>\n\n\n\n<p>Im Zuge der Rekonstruktion der Turnhalle im Jahr 2006 wurde die gesamte\u00a0Ausstattung erneuert. Auf insgesamt 200 m\u00b2 werden die Sch\u00fcler k\u00f6rperlich gef\u00f6rdert. Die Halle ist durch einen direkten Zugang vom Schulgeb\u00e4ude oder \u00fcber den Schulhof erreichbar.<\/p>\n\n\n\n<p>Der Sportplatz befindet sich etwa 150 m vom Schulgeb\u00e4ude entfernt und erstreckt sich \u00fcber 12000 m\u00b2. Hier befinden sich Laufbahnen f\u00fcr Kurz- und Langstrecken, eine Weitsprunganlage, ausreichend Fl\u00e4che f\u00fcr Wurf\u00fcbungen sowie ein Fu\u00dfballfeld und Rasenfl\u00e4chen f\u00fcr Spiele.<\/p>\n","protected":false},"excerpt":{"rendered":"<p>Am 01.September 1914 wurde nach einj\u00e4hriger Bauzeit die Schule in der Bahnhofstra\u00dfe, heutige Kirchallee, eingeweiht.Das Geb\u00e4ude wurde im klassizistischen Baustil errichtet und kostete 136 000 [&hellip;]<\/p>\n","protected":false},"author":1,"featured_media":0,"parent":0,"menu_order":0,"comment_status":"closed","ping_status":"closed","template":"","meta":{"footnotes":""},"class_list":["post-20","page","type-page","status-publish","hentry"],"_links":{"self":[{"href":"https:\/\/gs-rastenberg.de\/index.php?rest_route=\/wp\/v2\/pages\/20","targetHints":{"allow":["GET"]}}],"collection":[{"href":"https:\/\/gs-rastenberg.de\/index.php?rest_route=\/wp\/v2\/pages"}],"about":[{"href":"https:\/\/gs-rastenberg.de\/index.php?rest_route=\/wp\/v2\/types\/page"}],"author":[{"embeddable":true,"href":"https:\/\/gs-rastenberg.de\/index.php?rest_route=\/wp\/v2\/users\/1"}],"replies":[{"embeddable":true,"href":"https:\/\/gs-rastenberg.de\/index.php?rest_route=%2Fwp%2Fv2%2Fcomments&post=20"}],"version-history":[{"count":2,"href":"https:\/\/gs-rastenberg.de\/index.php?rest_route=\/wp\/v2\/pages\/20\/revisions"}],"predecessor-version":[{"id":54,"href":"https:\/\/gs-rastenberg.de\/index.php?rest_route=\/wp\/v2\/pages\/20\/revisions\/54"}],"wp:attachment":[{"href":"https:\/\/gs-rastenberg.de\/index.php?rest_route=%2Fwp%2Fv2%2Fmedia&parent=20"}],"curies":[{"name":"wp","href":"https:\/\/api.w.org\/{rel}","templated":true}]}}